{"id":264,"date":"2022-11-04T05:28:36","date_gmt":"2022-11-04T05:28:36","guid":{"rendered":"https:\/\/mwdemos.ga\/jacobsherf\/home\/"},"modified":"2023-02-06T20:59:46","modified_gmt":"2023-02-06T20:59:46","slug":"home","status":"publish","type":"page","link":"https:\/\/jacob.mwhost.ca\/fr\/","title":{"rendered":"Accueil"},"content":{"rendered":"","protected":false},"excerpt":{"rendered":"","protected":false},"author":1,"featured_media":0,"parent":0,"menu_order":0,"comment_status":"closed","ping_status":"closed","template":"template-home.php","meta":{"inline_featured_image":false,"footnotes":""},"class_list":["post-264","page","type-page","status-publish","hentry"],"acf":[],"yoast_head":"<!-- This site is optimized with the Yoast SEO plugin v21.3 - https:\/\/yoast.com\/wordpress\/plugins\/seo\/ -->\n<title>Jacob Sherf &#8211; Courtier immobilier Griffintown - Sutton<\/title>\n<meta name=\"description\" content=\"Jacob aborde une inscription diff\u00e9remment. Gr\u00e2ce \u00e0 son expertise en photographie, en conception graphique et en arts du spectacle, Jacob \u00e9labore des plans de marketing personnalis\u00e9s et propose des visites vid\u00e9o captivantes afin de vendre efficacement les maisons de ses clients.\" \/>\n<meta name=\"robots\" content=\"noindex, follow, max-snippet:-1, max-image-preview:large, max-video-preview:-1\" \/>\n<meta property=\"og:locale\" content=\"fr_FR\" \/>\n<meta property=\"og:type\" content=\"article\" \/>\n<meta property=\"og:title\" content=\"Jacob Sherf &#8211; Courtier immobilier Griffintown - Sutton\" \/>\n<meta property=\"og:description\" content=\"Jacob aborde une inscription diff\u00e9remment. Gr\u00e2ce \u00e0 son expertise en photographie, en conception graphique et en arts du spectacle, Jacob \u00e9labore des plans de marketing personnalis\u00e9s et propose des visites vid\u00e9o captivantes afin de vendre efficacement les maisons de ses clients.\" \/>\n<meta property=\"og:url\" content=\"https:\/\/jacob.mwhost.ca\/fr\/home\/\" \/>\n<meta property=\"og:site_name\" content=\"Jacob Sherf\" \/>\n<meta property=\"article:modified_time\" content=\"2023-02-06T20:59:46+00:00\" \/>\n<meta property=\"og:image\" content=\"https:\/\/jacob.mwhost.ca\/wp-content\/uploads\/2022\/11\/jacob_sherf_og.jpg\" \/>\n\t<meta property=\"og:image:width\" content=\"1901\" \/>\n\t<meta property=\"og:image:height\" content=\"866\" \/>\n\t<meta property=\"og:image:type\" content=\"image\/jpeg\" \/>\n<meta name=\"twitter:card\" content=\"summary_large_image\" \/>\n<script type=\"application\/ld+json\" class=\"yoast-schema-graph\">{\"@context\":\"https:\/\/schema.org\",\"@graph\":[{\"@type\":\"WebPage\",\"@id\":\"https:\/\/jacob.mwhost.ca\/fr\/home\/\",\"url\":\"https:\/\/jacob.mwhost.ca\/fr\/home\/\",\"name\":\"Jacob Sherf &#8211; Courtier immobilier Griffintown - Sutton\",\"isPartOf\":{\"@id\":\"https:\/\/jacob.mwhost.ca\/#website\"},\"datePublished\":\"2022-11-04T05:28:36+00:00\",\"dateModified\":\"2023-02-06T20:59:46+00:00\",\"description\":\"Jacob aborde une inscription diff\u00e9remment. Gr\u00e2ce \u00e0 son expertise en photographie, en conception graphique et en arts du spectacle, Jacob \u00e9labore des plans de marketing personnalis\u00e9s et propose des visites vid\u00e9o captivantes afin de vendre efficacement les maisons de ses clients.\",\"breadcrumb\":{\"@id\":\"https:\/\/jacob.mwhost.ca\/fr\/home\/#breadcrumb\"},\"inLanguage\":\"fr-FR\",\"potentialAction\":[{\"@type\":\"ReadAction\",\"target\":[\"https:\/\/jacob.mwhost.ca\/fr\/home\/\"]}]},{\"@type\":\"BreadcrumbList\",\"@id\":\"https:\/\/jacob.mwhost.ca\/fr\/home\/#breadcrumb\",\"itemListElement\":[{\"@type\":\"ListItem\",\"position\":1,\"name\":\"Home\",\"item\":\"https:\/\/jacob.mwhost.ca\/fr\/home\/\"},{\"@type\":\"ListItem\",\"position\":2,\"name\":\"Accueil\"}]},{\"@type\":\"WebSite\",\"@id\":\"https:\/\/jacob.mwhost.ca\/#website\",\"url\":\"https:\/\/jacob.mwhost.ca\/\",\"name\":\"Jacob Sherf\",\"description\":\"Courtier immobilier Griffintown - Sutton\",\"potentialAction\":[{\"@type\":\"SearchAction\",\"target\":{\"@type\":\"EntryPoint\",\"urlTemplate\":\"https:\/\/jacob.mwhost.ca\/?s={search_term_string}\"},\"query-input\":\"required name=search_term_string\"}],\"inLanguage\":\"fr-FR\"}]}<\/script>\n<!-- \/ Yoast SEO plugin. -->","yoast_head_json":{"title":"Jacob Sherf &#8211; Courtier immobilier Griffintown - Sutton","description":"Jacob aborde une inscription diff\u00e9remment. Gr\u00e2ce \u00e0 son expertise en photographie, en conception graphique et en arts du spectacle, Jacob \u00e9labore des plans de marketing personnalis\u00e9s et propose des visites vid\u00e9o captivantes afin de vendre efficacement les maisons de ses clients.","robots":{"index":"noindex","follow":"follow","max-snippet":"max-snippet:-1","max-image-preview":"max-image-preview:large","max-video-preview":"max-video-preview:-1"},"og_locale":"fr_FR","og_type":"article","og_title":"Jacob Sherf &#8211; Courtier immobilier Griffintown - Sutton","og_description":"Jacob aborde une inscription diff\u00e9remment. Gr\u00e2ce \u00e0 son expertise en photographie, en conception graphique et en arts du spectacle, Jacob \u00e9labore des plans de marketing personnalis\u00e9s et propose des visites vid\u00e9o captivantes afin de vendre efficacement les maisons de ses clients.","og_url":"https:\/\/jacob.mwhost.ca\/fr\/home\/","og_site_name":"Jacob Sherf","article_modified_time":"2023-02-06T20:59:46+00:00","og_image":[{"width":1901,"height":866,"url":"https:\/\/jacob.mwhost.ca\/wp-content\/uploads\/2022\/11\/jacob_sherf_og.jpg","type":"image\/jpeg"}],"twitter_card":"summary_large_image","schema":{"@context":"https:\/\/schema.org","@graph":[{"@type":"WebPage","@id":"https:\/\/jacob.mwhost.ca\/fr\/home\/","url":"https:\/\/jacob.mwhost.ca\/fr\/home\/","name":"Jacob Sherf &#8211; Courtier immobilier Griffintown - Sutton","isPartOf":{"@id":"https:\/\/jacob.mwhost.ca\/#website"},"datePublished":"2022-11-04T05:28:36+00:00","dateModified":"2023-02-06T20:59:46+00:00","description":"Jacob aborde une inscription diff\u00e9remment. Gr\u00e2ce \u00e0 son expertise en photographie, en conception graphique et en arts du spectacle, Jacob \u00e9labore des plans de marketing personnalis\u00e9s et propose des visites vid\u00e9o captivantes afin de vendre efficacement les maisons de ses clients.","breadcrumb":{"@id":"https:\/\/jacob.mwhost.ca\/fr\/home\/#breadcrumb"},"inLanguage":"fr-FR","potentialAction":[{"@type":"ReadAction","target":["https:\/\/jacob.mwhost.ca\/fr\/home\/"]}]},{"@type":"BreadcrumbList","@id":"https:\/\/jacob.mwhost.ca\/fr\/home\/#breadcrumb","itemListElement":[{"@type":"ListItem","position":1,"name":"Home","item":"https:\/\/jacob.mwhost.ca\/fr\/home\/"},{"@type":"ListItem","position":2,"name":"Accueil"}]},{"@type":"WebSite","@id":"https:\/\/jacob.mwhost.ca\/#website","url":"https:\/\/jacob.mwhost.ca\/","name":"Jacob Sherf","description":"Courtier immobilier Griffintown - Sutton","potentialAction":[{"@type":"SearchAction","target":{"@type":"EntryPoint","urlTemplate":"https:\/\/jacob.mwhost.ca\/?s={search_term_string}"},"query-input":"required name=search_term_string"}],"inLanguage":"fr-FR"}]}},"_links":{"self":[{"href":"https:\/\/jacob.mwhost.ca\/fr\/wp-json\/wp\/v2\/pages\/264","targetHints":{"allow":["GET"]}}],"collection":[{"href":"https:\/\/jacob.mwhost.ca\/fr\/wp-json\/wp\/v2\/pages"}],"about":[{"href":"https:\/\/jacob.mwhost.ca\/fr\/wp-json\/wp\/v2\/types\/page"}],"author":[{"embeddable":true,"href":"https:\/\/jacob.mwhost.ca\/fr\/wp-json\/wp\/v2\/users\/1"}],"replies":[{"embeddable":true,"href":"https:\/\/jacob.mwhost.ca\/fr\/wp-json\/wp\/v2\/comments?post=264"}],"version-history":[{"count":12,"href":"https:\/\/jacob.mwhost.ca\/fr\/wp-json\/wp\/v2\/pages\/264\/revisions"}],"predecessor-version":[{"id":614,"href":"https:\/\/jacob.mwhost.ca\/fr\/wp-json\/wp\/v2\/pages\/264\/revisions\/614"}],"wp:attachment":[{"href":"https:\/\/jacob.mwhost.ca\/fr\/wp-json\/wp\/v2\/media?parent=264"}],"curies":[{"name":"wp","href":"https:\/\/api.w.org\/{rel}","templated":true}]}}